{"id":312,"date":"2019-06-19T08:53:50","date_gmt":"2019-06-19T08:53:50","guid":{"rendered":"https:\/\/crossrisk.zrc-sazu.si\/?page_id=312"},"modified":"2019-06-19T08:53:50","modified_gmt":"2019-06-19T08:53:50","slug":"project-partners","status":"publish","type":"page","link":"https:\/\/crossrisk.zrc-sazu.si\/en\/project-partners\/","title":{"rendered":"Project partners"},"content":{"rendered":"<h2><strong>ZAMG <\/strong><\/h2>\n<p><u><img decoding=\"async\" class=\"alignnone size-full wp-image-115\" src=\"https:\/\/crossrisk.zrc-sazu.si\/wp-content\/uploads\/2018\/12\/1-logo_ZAMG-200.jpg\" alt=\"\" width=\"200\" height=\"127\" \/><\/u><\/p>\n<p><img fetchpriority=\"high\" decoding=\"async\" class=\"alignnone size-medium wp-image-153\" src=\"https:\/\/crossrisk.zrc-sazu.si\/wp-content\/uploads\/2019\/02\/BEA_Schneelast2008_1_ZAMG-300x199.jpg\" alt=\"\" width=\"300\" height=\"199\" srcset=\"https:\/\/crossrisk.zrc-sazu.si\/wp-content\/uploads\/2019\/02\/BEA_Schneelast2008_1_ZAMG-300x199.jpg 300w, https:\/\/crossrisk.zrc-sazu.si\/wp-content\/uploads\/2019\/02\/BEA_Schneelast2008_1_ZAMG-768x511.jpg 768w, https:\/\/crossrisk.zrc-sazu.si\/wp-content\/uploads\/2019\/02\/BEA_Schneelast2008_1_ZAMG-1024x681.jpg 1024w\" sizes=\"(max-width: 300px) 100vw, 300px\" \/><\/p>\n<p><em>Zentralanstalt f\u00fcr Meteorologie und Geodynamik<\/em><em>, <\/em><a href=\"http:\/\/www.lawine-steiermark.at\"><em>Kundenservice Steiermark<\/em><\/a> (Zvezni urad za meteorologijo in geodinamiko, Slu\u017eba za stranke \u0160tajerska) iz Gradca (Graz) je avstrijska dr\u017eavna meteorolo\u0161ka in geofizikalna slu\u017eba in najstarej\u0161a samostojna meteorolo\u0161ka slu\u017eba na svetu. V okviru ZAMG delujeta meteorolo\u0161ka in potresna merilna mre\u017ea z 280 postajami. Podro\u010dja delovanja, pomembna za projekt CROSSRISK, segajo od napovedovanja vremena in izdajanja opozoril prek raziskav v uporabni meteorologiji, klimatologiji in geofiziki do razvoja vremenskih in sne\u017enih modelov. Slu\u017eba za stranke pri ZAMG \u0160tajerska deluje dodatno kot slu\u017eba za opozorila pred sne\u017enimi plazovi in je aktivna na podro\u010dju raziskav snega.<\/p>\n<p><a href=\"mailto:andreas.gobiet@zamg.ac.at\"><strong>Andreas Gobiet<\/strong><\/a><\/p>\n<p>+43 316 24 2200 3390<\/p>\n<p><a href=\"mailto:lisa.joebstl@zamg.ac.at\"><strong>Lisa J\u00f6bstl<\/strong><\/a>, glavna administratorka projekta<\/p>\n<p>+43 316 24 2200 3315<\/p>\n<h2><strong>FHJ <\/strong><\/h2>\n<p><img decoding=\"async\" class=\"alignnone size-medium wp-image-177\" src=\"https:\/\/crossrisk.zrc-sazu.si\/wp-content\/uploads\/2019\/02\/2-logo_FHJ-300x120.jpg\" alt=\"\" width=\"300\" height=\"120\" srcset=\"https:\/\/crossrisk.zrc-sazu.si\/wp-content\/uploads\/2019\/02\/2-logo_FHJ-300x120.jpg 300w, https:\/\/crossrisk.zrc-sazu.si\/wp-content\/uploads\/2019\/02\/2-logo_FHJ-768x307.jpg 768w, https:\/\/crossrisk.zrc-sazu.si\/wp-content\/uploads\/2019\/02\/2-logo_FHJ-1024x410.jpg 1024w, https:\/\/crossrisk.zrc-sazu.si\/wp-content\/uploads\/2019\/02\/2-logo_FHJ.jpg 1890w\" sizes=\"(max-width: 300px) 100vw, 300px\" \/><\/p>\n<p><u>#simboli\u010dna slika-FHJ<\/u><strong>\u00a0<\/strong><\/p>\n<p><a href=\"http:\/\/www.fh-joanneum.at\"><em>Fachhochschule Joanneum<\/em><\/a><em>, <\/em><a href=\"https:\/\/www.fh-joanneum.at\/institut\/electronic-engineering\/\"><em>Institut f\u00fcr Electronic Engineering<\/em><\/a> (Visoka strokovna \u0161ola Joanneum, In\u0161titut za elektroniko) iz Gradca (Graz) ima dolgoletne izku\u0161nje pri radarskem merjenju vi\u0161ine snega in notranjih plasti sne\u017ene odeje, zaznavanju plazov z radarjem, obdelavi signalov in podatkov ter vizualizaciji radarskih podatkov, brez\u017ei\u010dnem prenosu in internetni povezavi do radarskih podatkov. Poleg tega ima izku\u0161nje z radarsko tehnologijo, s projektiranjem radio\u2011frekven\u010dnih vezij, z analogno in digitalno obdelavo signalov ter tudi z razvojem strojne in programske opreme, simulacijami in na\u010drtovanjem sistemov.<\/p>\n<p><a href=\"mailto:robert.okorn@fh-joanneum.at\"><strong>Robert Okorn<\/strong><\/a><\/p>\n<p>+43 386 2 33600 8322<\/p>\n<h2><strong>\u00a0<\/strong><strong>ARSO <\/strong><\/h2>\n<p><img loading=\"lazy\" decoding=\"async\" class=\"alignnone size-medium wp-image-216\" src=\"https:\/\/crossrisk.zrc-sazu.si\/wp-content\/uploads\/2019\/02\/logoARSO-1-300x96.jpg\" alt=\"\" width=\"300\" height=\"96\" srcset=\"https:\/\/crossrisk.zrc-sazu.si\/wp-content\/uploads\/2019\/02\/logoARSO-1-300x96.jpg 300w, https:\/\/crossrisk.zrc-sazu.si\/wp-content\/uploads\/2019\/02\/logoARSO-1-768x245.jpg 768w, https:\/\/crossrisk.zrc-sazu.si\/wp-content\/uploads\/2019\/02\/logoARSO-1-1024x327.jpg 1024w, https:\/\/crossrisk.zrc-sazu.si\/wp-content\/uploads\/2019\/02\/logoARSO-1.jpg 1408w\" sizes=\"(max-width: 300px) 100vw, 300px\" \/><\/p>\n<figure id=\"attachment_193\" aria-describedby=\"caption-attachment-193\" style=\"width: 300px\" class=\"wp-caption alignnone\"><img loading=\"lazy\" decoding=\"async\" class=\"size-medium wp-image-194\" src=\"https:\/\/crossrisk.zrc-sazu.si\/wp-content\/uploads\/2019\/02\/Avtomatska-meteorolo\u0161ka-postaja-ARSO-na-Zelenici-300x225.jpg\" alt=\"\" width=\"300\" height=\"225\" srcset=\"https:\/\/crossrisk.zrc-sazu.si\/wp-content\/uploads\/2019\/02\/Avtomatska-meteorolo\u0161ka-postaja-ARSO-na-Zelenici-300x225.jpg 300w, https:\/\/crossrisk.zrc-sazu.si\/wp-content\/uploads\/2019\/02\/Avtomatska-meteorolo\u0161ka-postaja-ARSO-na-Zelenici-768x576.jpg 768w, https:\/\/crossrisk.zrc-sazu.si\/wp-content\/uploads\/2019\/02\/Avtomatska-meteorolo\u0161ka-postaja-ARSO-na-Zelenici-1024x768.jpg 1024w\" sizes=\"(max-width: 300px) 100vw, 300px\" \/><figcaption id=\"caption-attachment-193\" class=\"wp-caption-text\">dav<\/figcaption><\/figure>\n<p><a href=\"http:\/\/www.arso.gov.si\">Agencija Republike Slovenije za okolje<\/a>, <a href=\"http:\/\/vreme.arso.gov.si\">Dr\u017eavna<\/a> meteorolo\u0161ka in <a href=\"http:\/\/www.arso.gov.si\/vode\">hidrolo\u0161ka<\/a> slu\u017eba (ARSO) opravlja strokovne, analiti\u010dne, regulatorne in upravne naloge s podro\u010dja okolja na dr\u017eavni ravni in je organ v sestavi Ministrstva za okolje in prostor. Njena naloga je opazovanje, merjenje, analiziranje in napovedovanje vremenskih in hidrolo\u0161kih pojavov, izdajanje dr\u017eavnih opozoril za nevarnost naravnih nesre\u010d. V okviru nacionalne slu\u017ebe za meteorologijo in hidrologijo potekajo tudi vzdr\u017eevanje, razvoj in izbolj\u0161ave modelov za napovedovanje naravnih dogodkov in z njimi povezanih orodij za analizo, vizualizacijo in diseminacijo podatkov.<\/p>\n<p><a href=\"mailto:ales.poredos@gov.si\"><strong>Ale\u0161 Poredo\u0161<\/strong><\/a><\/p>\n<p>+386 1 478 4144<\/p>\n<h2><strong>UM <\/strong><\/h2>\n<p><img loading=\"lazy\" decoding=\"async\" class=\"alignnone size-medium wp-image-181\" src=\"https:\/\/crossrisk.zrc-sazu.si\/wp-content\/uploads\/2019\/02\/4-logo_UM-300x110.jpg\" alt=\"\" width=\"300\" height=\"110\" srcset=\"https:\/\/crossrisk.zrc-sazu.si\/wp-content\/uploads\/2019\/02\/4-logo_UM-300x110.jpg 300w, https:\/\/crossrisk.zrc-sazu.si\/wp-content\/uploads\/2019\/02\/4-logo_UM-768x282.jpg 768w, https:\/\/crossrisk.zrc-sazu.si\/wp-content\/uploads\/2019\/02\/4-logo_UM.jpg 900w\" sizes=\"(max-width: 300px) 100vw, 300px\" \/><\/p>\n<p><img loading=\"lazy\" decoding=\"async\" class=\"alignnone size-medium wp-image-197\" src=\"https:\/\/crossrisk.zrc-sazu.si\/wp-content\/uploads\/2019\/02\/IMG_9579-graphic-design-300x200.jpg\" alt=\"\" width=\"300\" height=\"200\" srcset=\"https:\/\/crossrisk.zrc-sazu.si\/wp-content\/uploads\/2019\/02\/IMG_9579-graphic-design-300x200.jpg 300w, https:\/\/crossrisk.zrc-sazu.si\/wp-content\/uploads\/2019\/02\/IMG_9579-graphic-design-768x512.jpg 768w, https:\/\/crossrisk.zrc-sazu.si\/wp-content\/uploads\/2019\/02\/IMG_9579-graphic-design-1024x682.jpg 1024w, https:\/\/crossrisk.zrc-sazu.si\/wp-content\/uploads\/2019\/02\/IMG_9579-graphic-design.jpg 2000w\" sizes=\"(max-width: 300px) 100vw, 300px\" \/><\/p>\n<p><a href=\"http:\/\/www.um.si\">Univerza v Mariboru<\/a> je druga najve\u010dja in druga najstarej\u0161a univerza v Sloveniji. Na njej \u0161tudira okrog 14 000 \u0161tudentov, zanje pa skrbi pribli\u017eno 1800. Je avtonomna, znanstveno-raziskovalna in izobra\u017eevalna ustanova, katere namen je odkrivanje znanja, skrb za znanje ter prena\u0161anje znanja skozi celostno povezanost humanistike, dru\u017eboslovja, tehnike, ekonomije, medicine, naravoslovja, prava, pedago\u0161kih ved in umetnosti v \u0161ir\u0161o dru\u017ebeno skupnost.<\/p>\n<p><a href=\"https:\/\/feri.um.si\">Fakulteta za elektrotehniko, ra\u010dunalni\u0161tvo in informatiko<\/a> iz Maribora (UM) deluje na podro\u010dju informatike, avdiovizualnih tehnologij, promocije, tr\u017eenja in oblikovanja spletnih strani ter drugega promocijskega gradiva. Na fakulteti posredujemo \u0161tudentom znanja, temelje\u010da na mednarodno priznanem znanstvenoraziskovalnem delu ter jim s tem omogo\u010damo uspe\u0161no vklju\u010devanje v bodo\u010da delovna okolja v doma\u010dem in mednarodnem prostoru.<\/p>\n<p><a href=\"mailto:jernej.burkeljca@um.si\"><strong>Jernej Burkeljca<\/strong><\/a><\/p>\n<p>+386 2 220 7097<\/p>\n<h2><strong>ZRC SAZU<\/strong><\/h2>\n<p><img loading=\"lazy\" decoding=\"async\" class=\"alignnone size-medium wp-image-184\" src=\"https:\/\/crossrisk.zrc-sazu.si\/wp-content\/uploads\/2019\/02\/5-logo_ZRC-SAZU-245x300.jpg\" alt=\"\" width=\"245\" height=\"300\" srcset=\"https:\/\/crossrisk.zrc-sazu.si\/wp-content\/uploads\/2019\/02\/5-logo_ZRC-SAZU-245x300.jpg 245w, https:\/\/crossrisk.zrc-sazu.si\/wp-content\/uploads\/2019\/02\/5-logo_ZRC-SAZU.jpg 406w\" sizes=\"(max-width: 245px) 100vw, 245px\" \/><\/p>\n<p><img loading=\"lazy\" decoding=\"async\" class=\"alignnone size-medium wp-image-200\" src=\"https:\/\/crossrisk.zrc-sazu.si\/wp-content\/uploads\/2019\/02\/Snezni_Real-300x246.jpg\" alt=\"\" width=\"300\" height=\"246\" srcset=\"https:\/\/crossrisk.zrc-sazu.si\/wp-content\/uploads\/2019\/02\/Snezni_Real-300x246.jpg 300w, https:\/\/crossrisk.zrc-sazu.si\/wp-content\/uploads\/2019\/02\/Snezni_Real-768x628.jpg 768w, https:\/\/crossrisk.zrc-sazu.si\/wp-content\/uploads\/2019\/02\/Snezni_Real-1024x838.jpg 1024w, https:\/\/crossrisk.zrc-sazu.si\/wp-content\/uploads\/2019\/02\/Snezni_Real.jpg 1200w\" sizes=\"(max-width: 300px) 100vw, 300px\" \/><\/p>\n<p><a href=\"https:\/\/www.zrc-sazu.si\">Znanstvenoraziskovalni center Slovenske akademije znanosti in umetnosti<\/a> (ZRC SAZU) je partner v \u0161tevilnih doma\u010dih in mednarodnih raziskovalnih projektih. Pri tem projektu sodeluje <a href=\"https:\/\/giam.zrc-sazu.si\">Geografski in\u0161titut Antona Melika<\/a> oziroma njegov Oddelek za narave nesre\u010de, ki deluje na podro\u010dju preventive. Izpostavljamo odli\u010dno sodelovanje projektnih partnerjev v okviru projekta NH-WF\/Naravne nesre\u010de brez meja (<a href=\"http:\/\/www.natural-hazards.eu\">http:\/\/www.natural-hazards.eu<\/a>). ZRC SAZU sodeluje tudi pri upravljanju tveganj v urbanih okoljih in preu\u010devanju podnebnih sprememb.<\/p>\n<p><a href=\"mailto:miha.pavsek@zrc-sazu.si\"><strong>Miha Pav\u0161ek<\/strong><\/a><\/p>\n<p>+386 1 470 6361<\/p>\n<h2><strong>\u00a0<\/strong><strong>LWD-K <\/strong><\/h2>\n<p><img loading=\"lazy\" decoding=\"async\" class=\"alignnone size-medium wp-image-187\" src=\"https:\/\/crossrisk.zrc-sazu.si\/wp-content\/uploads\/2019\/02\/6-logo_LWD-K-300x35.jpg\" alt=\"\" width=\"300\" height=\"35\" srcset=\"https:\/\/crossrisk.zrc-sazu.si\/wp-content\/uploads\/2019\/02\/6-logo_LWD-K-300x35.jpg 300w, https:\/\/crossrisk.zrc-sazu.si\/wp-content\/uploads\/2019\/02\/6-logo_LWD-K-768x88.jpg 768w, https:\/\/crossrisk.zrc-sazu.si\/wp-content\/uploads\/2019\/02\/6-logo_LWD-K-1024x118.jpg 1024w\" sizes=\"(max-width: 300px) 100vw, 300px\" \/><\/p>\n<p><img loading=\"lazy\" decoding=\"async\" class=\"alignnone size-medium wp-image-208\" src=\"https:\/\/crossrisk.zrc-sazu.si\/wp-content\/uploads\/2019\/02\/loibl_rr-1201-2016-300x129.png\" alt=\"\" width=\"300\" height=\"129\" srcset=\"https:\/\/crossrisk.zrc-sazu.si\/wp-content\/uploads\/2019\/02\/loibl_rr-1201-2016-300x129.png 300w, https:\/\/crossrisk.zrc-sazu.si\/wp-content\/uploads\/2019\/02\/loibl_rr-1201-2016.png 710w\" sizes=\"(max-width: 300px) 100vw, 300px\" \/><\/p>\n<p><a href=\"http:\/\/www.ktn.gv.at\"><em>Amt der K\u00e4rntner Landesregierung<\/em><\/a><em> Abteilung 8 \u2013 <\/em><a href=\"http:\/\/www.lawine.ktn.gv.at\/143241_DE\"><em>Umwelt, Wasser und Naturschutz<\/em><\/a> (Urad de\u017eelne vlade Koro\u0161ke oddelek 8 \u2013 okolje, vode in varstvo narave) iz Celovca (Klagenfurt) upravlja veliko mre\u017eo meteorolo\u0161kih opazovanj in bo regionalna osnova za aktivnosti modeliranja v projektu. Poleg tega ima visoko strokovno znanje in izku\u0161nje z upravljanjem tveganj. Strokovno znanje te slu\u017ebe v okviru projekta bo pomembno predvsem pri oceni nevarnosti pro\u017eenja sne\u017enih plazov.<\/p>\n<p><a href=\"mailto:wilfried.ertl@ktn.gv.at\"><strong>Wilfried Ertl<\/strong><\/a><\/p>\n<p>+43 463 5361 8312<\/p>\n<h2><strong>A\u00a014 <\/strong><\/h2>\n<p><img loading=\"lazy\" decoding=\"async\" class=\"alignnone size-medium wp-image-190\" src=\"https:\/\/crossrisk.zrc-sazu.si\/wp-content\/uploads\/2019\/02\/7-logo_A-14-300x121.jpg\" alt=\"\" width=\"300\" height=\"121\" srcset=\"https:\/\/crossrisk.zrc-sazu.si\/wp-content\/uploads\/2019\/02\/7-logo_A-14-300x121.jpg 300w, https:\/\/crossrisk.zrc-sazu.si\/wp-content\/uploads\/2019\/02\/7-logo_A-14-768x309.jpg 768w, https:\/\/crossrisk.zrc-sazu.si\/wp-content\/uploads\/2019\/02\/7-logo_A-14-1024x413.jpg 1024w, https:\/\/crossrisk.zrc-sazu.si\/wp-content\/uploads\/2019\/02\/7-logo_A-14.jpg 1251w\" sizes=\"(max-width: 300px) 100vw, 300px\" \/><\/p>\n<p><img loading=\"lazy\" decoding=\"async\" class=\"alignnone size-medium wp-image-204\" src=\"https:\/\/crossrisk.zrc-sazu.si\/wp-content\/uploads\/2019\/02\/example3-t2.3-upgrading-monitoring-stations-300x225.jpg\" alt=\"\" width=\"300\" height=\"225\" srcset=\"https:\/\/crossrisk.zrc-sazu.si\/wp-content\/uploads\/2019\/02\/example3-t2.3-upgrading-monitoring-stations-300x225.jpg 300w, https:\/\/crossrisk.zrc-sazu.si\/wp-content\/uploads\/2019\/02\/example3-t2.3-upgrading-monitoring-stations-768x576.jpg 768w, https:\/\/crossrisk.zrc-sazu.si\/wp-content\/uploads\/2019\/02\/example3-t2.3-upgrading-monitoring-stations-1024x768.jpg 1024w, https:\/\/crossrisk.zrc-sazu.si\/wp-content\/uploads\/2019\/02\/example3-t2.3-upgrading-monitoring-stations.jpg 1630w\" sizes=\"(max-width: 300px) 100vw, 300px\" \/><\/p>\n<p><a href=\"http:\/\/www.verwaltung.steiermark.at\"><em>Amt der Steierm\u00e4rkischen Landesregierung<\/em><\/a> <a href=\"https:\/\/www.verwaltung.steiermark.at\/cms\/ziel\/74836586\/DE\/\"><em>Abteilung 14 \u2013 Wasserwirtschaft, Ressourcen und Nachhaltigkeit<\/em><\/a> (Urad de\u017eelne vlade \u0160tajerske oddelek 14 \u2013 vodno gospodarstvo, viri in trajnost) iz Gradca (Graz) skrbi za koordinacijo vodnega gospodarstva na avstrijskem \u0160tajerskem. Spremlja strokovno-tehni\u010dne zadeve in koordinira izvajanje Vodne direktive. Izvaja tudi naloge in ukrepe v povezavi z nacionalnim na\u010drtom za gospodarjenje z vodnimi viri, nadzira geotermijo in hidrogeologijo ter vzdr\u017euje in razvija modele za napovedovanje poplav.<\/p>\n<p><a href=\"mailto:robert.schatzl@stmk.gv.at\"><strong>Robert Schatzl<\/strong><\/a><\/p>\n<p>+43 31 6877 2014<\/p>\n","protected":false},"excerpt":{"rendered":"<p>ZAMG Zentralanstalt f\u00fcr Meteorologie und Geodynamik, Kundenservice Steiermark (Zvezni urad za meteorologijo in geodinamiko, Slu\u017eba za stranke \u0160tajerska) iz Gradca (Graz) je avstrijska dr\u017eavna meteorolo\u0161ka in geofizikalna slu\u017eba in najstarej\u0161a samostojna meteorolo\u0161ka slu\u017eba na svetu. V okviru ZAMG delujeta meteorolo\u0161ka in potresna merilna mre\u017ea z 280 postajami. Podro\u010dja delovanja, pomembna za projekt CROSSRISK, segajo od&hellip;&nbsp;<a href=\"https:\/\/crossrisk.zrc-sazu.si\/en\/project-partners\/\" rel=\"bookmark\">Read More &raquo;<span class=\"screen-reader-text\">Project partners<\/span><\/a><\/p>\n","protected":false},"author":1,"featured_media":0,"parent":0,"menu_order":0,"comment_status":"closed","ping_status":"closed","template":"","meta":{"neve_meta_sidebar":"","neve_meta_container":"","neve_meta_enable_content_width":"","neve_meta_content_width":0,"neve_meta_title_alignment":"","neve_meta_author_avatar":"","neve_post_elements_order":"","neve_meta_disable_header":"","neve_meta_disable_footer":"","neve_meta_disable_title":"","footnotes":""},"class_list":["post-312","page","type-page","status-publish","hentry"],"_links":{"self":[{"href":"https:\/\/crossrisk.zrc-sazu.si\/en\/wp-json\/wp\/v2\/pages\/312","targetHints":{"allow":["GET"]}}],"collection":[{"href":"https:\/\/crossrisk.zrc-sazu.si\/en\/wp-json\/wp\/v2\/pages"}],"about":[{"href":"https:\/\/crossrisk.zrc-sazu.si\/en\/wp-json\/wp\/v2\/types\/page"}],"author":[{"embeddable":true,"href":"https:\/\/crossrisk.zrc-sazu.si\/en\/wp-json\/wp\/v2\/users\/1"}],"replies":[{"embeddable":true,"href":"https:\/\/crossrisk.zrc-sazu.si\/en\/wp-json\/wp\/v2\/comments?post=312"}],"version-history":[{"count":1,"href":"https:\/\/crossrisk.zrc-sazu.si\/en\/wp-json\/wp\/v2\/pages\/312\/revisions"}],"predecessor-version":[{"id":313,"href":"https:\/\/crossrisk.zrc-sazu.si\/en\/wp-json\/wp\/v2\/pages\/312\/revisions\/313"}],"wp:attachment":[{"href":"https:\/\/crossrisk.zrc-sazu.si\/en\/wp-json\/wp\/v2\/media?parent=312"}],"curies":[{"name":"wp","href":"https:\/\/api.w.org\/{rel}","templated":true}]}}