{"id":323,"date":"2019-06-19T08:57:45","date_gmt":"2019-06-19T08:57:45","guid":{"rendered":"https:\/\/crossrisk.zrc-sazu.si\/?page_id=323"},"modified":"2019-06-19T08:57:45","modified_gmt":"2019-06-19T08:57:45","slug":"projektinhalt","status":"publish","type":"page","link":"https:\/\/crossrisk.zrc-sazu.si\/de\/projektinhalt\/","title":{"rendered":"Projektinhalt"},"content":{"rendered":"<p>Projekt sestavljajo \u0161tirje vsebinski sklopi, ki segajo od izdelave novih meteorolo\u0161kih in hidrolo\u0161kih izdelkov do njihove komunikacije z novimi metodami in na\u010dini.<\/p>\n<p><strong>T1[SNEG] \u2013 Novi izdelki za napovedovanje nevarnosti in prilo\u017enosti, povezanih s snegom v regiji SI-AT \u00a0(Odgovorni projektni partner: ZAMG)<\/strong><\/p>\n<p>&#8211; Razvoj modelov za napovedovanje koli\u010dine snega ter potenciala za umetno zasne\u017eevanje in dnevna napoved odtoka zaradi taljenja snega.<\/p>\n<p>&#8211; Krajevna ocena nevarnosti sne\u017enih plazov na temelju radarskih meritev, konvencionalnih sne\u017enih in meteorolo\u0161kih podatkov na treh pilotnih obmo\u010djih.<\/p>\n<p>&#8211; Podpora za dolgoro\u010dno na\u010drtovanje vpliva podnebnih sprememb in priprava poro\u010dila o snegu pod vplivom podnebnih sprememb.<\/p>\n<p><strong>T2 [POPLAVA] \u2013 Izbolj\u0161ane hidrolo\u0161ke napovedi za bolj\u0161a poplavna opozorila v regiji SI-AT (Odgovorni projektni partner: A 14)<\/strong><\/p>\n<p>Izbolj\u0161ane napovedi poplav z nadgradnjo modelov Mure.<\/p>\n<p>Poplavni scenariji za izbolj\u0161avo na\u010drtov za\u0161\u010dite in re\u0161evanja ob poplavah s katalogom in zemljevidom poplavnih scenarijev.<\/p>\n<p>Izbolj\u0161ano spremljanje pretokov rek z nadgradnjo merilnih sistemov.<\/p>\n<p>Ocena vpliva podnebnih sprememb na prihodnji razvoj padavin in poplav ter izdelava poro\u010dila o ekstremnih padavinah.<\/p>\n<p><strong>T3 [IZRO\u010cANJE] \u2013 Nove tehni\u010dne metode za raz\u0161irjanje produktov s ciljem doseganja bolj\u0161e vidnosti in uporabe informacij glede tveganj in prilo\u017enosti, povezanih s snegom in poplavami na obmo\u010dju SI-AT\u00a0 (Odgovorni projektni partner: ARSO)<\/strong><\/p>\n<ul>\n<li>Izbolj\u0161ane tehni\u010dne metode za dostavo in diseminacijo produktov za opozorila in napoved.<\/li>\n<li>Izbolj\u0161ana dostopnost produktov za opozarjanje in napovedovanje.<\/li>\n<\/ul>\n<p><strong>T4 [OZAVE\u0160\u010cANJE] \u2013 Izbolj\u0161ana ozave\u0161\u010denost in dojemanje\u00a0 tveganj in prilo\u017enosti, povezanih s poplavami in sne\u017eno odejo v SI-AT regiji (Odgovorni projektni partner: UM)<\/strong><\/p>\n<ul>\n<li>Izdelava novih oblikovalskih konceptov za bolj razumljive uporabni\u0161ke produkte.<\/li>\n<li>Izbolj\u0161ano odlo\u010danje v procesu plazovnega opozarjanja in pri delu plazovnih komisij ter izdelava plazovnega u\u010dbenika in gradiva za izobra\u017eevanja.<\/li>\n<li>Promocija rezultatov ter izobra\u017eevanje.<\/li>\n<\/ul>\n","protected":false},"excerpt":{"rendered":"<p>Projekt sestavljajo \u0161tirje vsebinski sklopi, ki segajo od izdelave novih meteorolo\u0161kih in hidrolo\u0161kih izdelkov do njihove komunikacije z novimi metodami in na\u010dini. T1[SNEG] \u2013 Novi izdelki za napovedovanje nevarnosti in prilo\u017enosti, povezanih s snegom v regiji SI-AT \u00a0(Odgovorni projektni partner: ZAMG) &#8211; Razvoj modelov za napovedovanje koli\u010dine snega ter potenciala za umetno zasne\u017eevanje in dnevna&hellip;&nbsp;<a href=\"https:\/\/crossrisk.zrc-sazu.si\/de\/projektinhalt\/\" rel=\"bookmark\">Weiterlesen &raquo;<span class=\"screen-reader-text\">Projektinhalt<\/span><\/a><\/p>\n","protected":false},"author":1,"featured_media":0,"parent":0,"menu_order":0,"comment_status":"closed","ping_status":"closed","template":"","meta":{"neve_meta_sidebar":"","neve_meta_container":"","neve_meta_enable_content_width":"","neve_meta_content_width":0,"neve_meta_title_alignment":"","neve_meta_author_avatar":"","neve_post_elements_order":"","neve_meta_disable_header":"","neve_meta_disable_footer":"","neve_meta_disable_title":"","footnotes":""},"class_list":["post-323","page","type-page","status-publish","hentry"],"_links":{"self":[{"href":"https:\/\/crossrisk.zrc-sazu.si\/de\/wp-json\/wp\/v2\/pages\/323","targetHints":{"allow":["GET"]}}],"collection":[{"href":"https:\/\/crossrisk.zrc-sazu.si\/de\/wp-json\/wp\/v2\/pages"}],"about":[{"href":"https:\/\/crossrisk.zrc-sazu.si\/de\/wp-json\/wp\/v2\/types\/page"}],"author":[{"embeddable":true,"href":"https:\/\/crossrisk.zrc-sazu.si\/de\/wp-json\/wp\/v2\/users\/1"}],"replies":[{"embeddable":true,"href":"https:\/\/crossrisk.zrc-sazu.si\/de\/wp-json\/wp\/v2\/comments?post=323"}],"version-history":[{"count":1,"href":"https:\/\/crossrisk.zrc-sazu.si\/de\/wp-json\/wp\/v2\/pages\/323\/revisions"}],"predecessor-version":[{"id":324,"href":"https:\/\/crossrisk.zrc-sazu.si\/de\/wp-json\/wp\/v2\/pages\/323\/revisions\/324"}],"wp:attachment":[{"href":"https:\/\/crossrisk.zrc-sazu.si\/de\/wp-json\/wp\/v2\/media?parent=323"}],"curies":[{"name":"wp","href":"https:\/\/api.w.org\/{rel}","templated":true}]}}