{"id":297,"date":"2019-06-19T08:48:46","date_gmt":"2019-06-19T08:48:46","guid":{"rendered":"https:\/\/crossrisk.zrc-sazu.si\/?page_id=297"},"modified":"2019-06-19T08:48:46","modified_gmt":"2019-06-19T08:48:46","slug":"ueber-das-projekt","status":"publish","type":"page","link":"https:\/\/crossrisk.zrc-sazu.si\/de\/ueber-das-projekt\/","title":{"rendered":"\u00dcber das Projekt"},"content":{"rendered":"<p>POMEN IN REZULTATI PROJEKTA<\/p>\n<p>Programsko obmo\u010dje Slovenija-Avstrija se soo\u010da z izzivi, povezanimi z obilnimi de\u017enimi in sne\u017enimi padavinami, kot so: poplave, sne\u017eni plazovi, velike sne\u017ene obremenitve infrastrukture, pomanjkanje sne\u017ene odeje za turisti\u010dne dejavnosti. Opozorila, povezana s temi dogodki, na avstrijsko-slovenski meji trenutno niso usklajena, \u010deprav se obe dr\u017eavi sre\u010dujeta s podobnimi izzivi. To jasno nakazuje na potrebo po uskladitvi in skupnem razvoju vremenskih napovedi in opozoril na avstrijsko-slovenski meji.<\/p>\n<p>Projekt bo prispeval bolj\u0161e napovedi in opozorila o poplavah, taljenju snega, sne\u017eenju, sne\u017eni obte\u017eitvi in potencialu za umetno zasne\u017eevanje in nevarnostih plazov. Za to bodo projektni partnerji skupaj razvili nove numeri\u010dne modele in sisteme za monitoring. Za pove\u010danje ozave\u0161\u010denosti bodo izdelana nova izobra\u017eevalna in promocijska gradiva, na ciljne skupine pa bodo tudi neposredno naslovljene delavnice, usposabljanja, seminarji in konference.<\/p>\n","protected":false},"excerpt":{"rendered":"<p>POMEN IN REZULTATI PROJEKTA Programsko obmo\u010dje Slovenija-Avstrija se soo\u010da z izzivi, povezanimi z obilnimi de\u017enimi in sne\u017enimi padavinami, kot so: poplave, sne\u017eni plazovi, velike sne\u017ene obremenitve infrastrukture, pomanjkanje sne\u017ene odeje za turisti\u010dne dejavnosti. Opozorila, povezana s temi dogodki, na avstrijsko-slovenski meji trenutno niso usklajena, \u010deprav se obe dr\u017eavi sre\u010dujeta s podobnimi izzivi. To jasno nakazuje&hellip;&nbsp;<a href=\"https:\/\/crossrisk.zrc-sazu.si\/de\/ueber-das-projekt\/\" rel=\"bookmark\">Weiterlesen &raquo;<span class=\"screen-reader-text\">\u00dcber das Projekt<\/span><\/a><\/p>\n","protected":false},"author":1,"featured_media":100,"parent":0,"menu_order":0,"comment_status":"closed","ping_status":"closed","template":"","meta":{"neve_meta_sidebar":"","neve_meta_container":"","neve_meta_enable_content_width":"","neve_meta_content_width":0,"neve_meta_title_alignment":"","neve_meta_author_avatar":"","neve_post_elements_order":"","neve_meta_disable_header":"","neve_meta_disable_footer":"","neve_meta_disable_title":"","footnotes":""},"class_list":["post-297","page","type-page","status-publish","has-post-thumbnail","hentry"],"_links":{"self":[{"href":"https:\/\/crossrisk.zrc-sazu.si\/de\/wp-json\/wp\/v2\/pages\/297","targetHints":{"allow":["GET"]}}],"collection":[{"href":"https:\/\/crossrisk.zrc-sazu.si\/de\/wp-json\/wp\/v2\/pages"}],"about":[{"href":"https:\/\/crossrisk.zrc-sazu.si\/de\/wp-json\/wp\/v2\/types\/page"}],"author":[{"embeddable":true,"href":"https:\/\/crossrisk.zrc-sazu.si\/de\/wp-json\/wp\/v2\/users\/1"}],"replies":[{"embeddable":true,"href":"https:\/\/crossrisk.zrc-sazu.si\/de\/wp-json\/wp\/v2\/comments?post=297"}],"version-history":[{"count":1,"href":"https:\/\/crossrisk.zrc-sazu.si\/de\/wp-json\/wp\/v2\/pages\/297\/revisions"}],"predecessor-version":[{"id":298,"href":"https:\/\/crossrisk.zrc-sazu.si\/de\/wp-json\/wp\/v2\/pages\/297\/revisions\/298"}],"wp:featuredmedia":[{"embeddable":true,"href":"https:\/\/crossrisk.zrc-sazu.si\/de\/wp-json\/wp\/v2\/media\/100"}],"wp:attachment":[{"href":"https:\/\/crossrisk.zrc-sazu.si\/de\/wp-json\/wp\/v2\/media?parent=297"}],"curies":[{"name":"wp","href":"https:\/\/api.w.org\/{rel}","templated":true}]}}